{"id":13,"date":"2025-08-15T11:08:29","date_gmt":"2025-08-15T11:08:29","guid":{"rendered":"http:\/\/www.assodevelup.fr\/?page_id=13"},"modified":"2025-08-21T12:09:33","modified_gmt":"2025-08-21T12:09:33","slug":"le-salon-de-la-prevention-et-du-bien-etre-en-entreprise","status":"publish","type":"page","link":"https:\/\/www.assodevelup.fr\/index.php\/le-salon-de-la-prevention-et-du-bien-etre-en-entreprise\/","title":{"rendered":"Le Salon de la pr\u00e9vention et du bien-\u00eatre en entreprise"},"content":{"rendered":"\n\n\n<h2 class=\"wp-block-heading\"><strong>Salon Pr\u00e9vention et Bien-\u00eatre en Entreprise \u2013 2\u1d49 \u00e9dition<\/strong><\/h2>\n\n\n\n<p><strong>14 &amp; 15 octobre 2025 de 9h00 \u00e0 19h00 \u2013 Espace Jean-Dubessay, Bellerive-sur-Allier<\/strong><br>Organis\u00e9 par l\u2019association <strong>Devel\u2019up<\/strong><\/p>\n\n\n\n\n\n<hr class=\"wp-block-separator has-alpha-channel-opacity\"\/>\n\n\n\n<h3 class=\"wp-block-heading\"><strong>Un rendez-vous unique pour les acteurs du monde du travail<\/strong><\/h3>\n\n\n\n<p>Le <strong>Salon Pr\u00e9vention et Bien-\u00eatre en Entreprise<\/strong> revient pour sa <strong>2\u1d49 \u00e9dition<\/strong>, avec un programme enrichi et toujours la m\u00eame ambition :<br><strong>offrir aux entreprises, collectivit\u00e9s et associations locales des solutions concr\u00e8tes pour am\u00e9liorer la sant\u00e9, la s\u00e9curit\u00e9 et la qualit\u00e9 de vie au travail.<\/strong><\/p>\n\n\n\n<p>Durant deux jours, l\u2019Espace Jean-Dubessay accueillera <strong>13 conf\u00e9rences, 25 ateliers pratiques et 1 table ronde<\/strong> autour des th\u00e9matiques, pr\u00e9vention des risques, coh\u00e9sion d\u2019\u00e9quipe, qualit\u00e9 de vie conditions de travail et bien-\u00eatre au sein des entreprises.<\/p>\n\n\n\n<hr class=\"wp-block-separator has-alpha-channel-opacity\"\/>\n\n\n\n\n\n\n\n\n\n\n\n\n","protected":false},"excerpt":{"rendered":"<p>Salon Pr\u00e9vention et Bien-\u00eatre en Entreprise \u2013 2\u1d49 \u00e9dition 14 &amp; 15 octobre 2025 de 9h00 \u00e0 19h00 \u2013 Espace Jean-Dubessay, Bellerive-sur-AllierOrganis\u00e9 par l\u2019association Devel\u2019up Un rendez-vous unique pour les acteurs du monde du travail Le Salon Pr\u00e9vention et Bien-\u00eatre en Entreprise revient pour sa 2\u1d49 \u00e9dition, avec un programme enrichi et toujours la m\u00eame [&hellip;]<\/p>\n","protected":false},"author":1,"featured_media":0,"parent":0,"menu_order":0,"comment_status":"closed","ping_status":"closed","template":"","meta":{"saved_in_kubio":true,"_kadence_starter_templates_imported_post":false,"footnotes":""},"class_list":["post-13","page","type-page","status-publish","hentry"],"kubio_ai_page_context":{"short_desc":"","purpose":"general"},"_links":{"self":[{"href":"https:\/\/www.assodevelup.fr\/index.php\/wp-json\/wp\/v2\/pages\/13","targetHints":{"allow":["GET"]}}],"collection":[{"href":"https:\/\/www.assodevelup.fr\/index.php\/wp-json\/wp\/v2\/pages"}],"about":[{"href":"https:\/\/www.assodevelup.fr\/index.php\/wp-json\/wp\/v2\/types\/page"}],"author":[{"embeddable":true,"href":"https:\/\/www.assodevelup.fr\/index.php\/wp-json\/wp\/v2\/users\/1"}],"replies":[{"embeddable":true,"href":"https:\/\/www.assodevelup.fr\/index.php\/wp-json\/wp\/v2\/comments?post=13"}],"version-history":[{"count":16,"href":"https:\/\/www.assodevelup.fr\/index.php\/wp-json\/wp\/v2\/pages\/13\/revisions"}],"predecessor-version":[{"id":428,"href":"https:\/\/www.assodevelup.fr\/index.php\/wp-json\/wp\/v2\/pages\/13\/revisions\/428"}],"wp:attachment":[{"href":"https:\/\/www.assodevelup.fr\/index.php\/wp-json\/wp\/v2\/media?parent=13"}],"curies":[{"name":"wp","href":"https:\/\/api.w.org\/{rel}","templated":true}]}}