{"id":195,"date":"2025-08-18T21:04:57","date_gmt":"2025-08-18T21:04:57","guid":{"rendered":"http:\/\/www.assodevelup.fr\/?page_id=195"},"modified":"2025-08-18T21:40:47","modified_gmt":"2025-08-18T21:40:47","slug":"contact","status":"publish","type":"page","link":"https:\/\/www.assodevelup.fr\/index.php\/contact\/","title":{"rendered":"Contact"},"content":{"rendered":"\n\n<style id=\"wpforms-css-vars-152-block-6a16eadc-57e3-43c8-b522-d22d00db7004\">\n\t\t\t\t#wpforms-152.wpforms-block-6a16eadc-57e3-43c8-b522-d22d00db7004 {\n\t\t\t\t--wpforms-field-size-input-height: 43px;\n--wpforms-field-size-input-spacing: 15px;\n--wpforms-field-size-font-size: 16px;\n--wpforms-field-size-line-height: 19px;\n--wpforms-field-size-padding-h: 14px;\n--wpforms-field-size-checkbox-size: 16px;\n--wpforms-field-size-sublabel-spacing: 5px;\n--wpforms-field-size-icon-size: 1;\n--wpforms-label-size-font-size: 16px;\n--wpforms-label-size-line-height: 19px;\n--wpforms-label-size-sublabel-font-size: 14px;\n--wpforms-label-size-sublabel-line-height: 17px;\n--wpforms-button-size-font-size: 17px;\n--wpforms-button-size-height: 41px;\n--wpforms-button-size-padding-h: 15px;\n--wpforms-button-size-margin-top: 10px;\n\t\t\t}\n\t\t\t<\/style><div class=\"wpforms-container wpforms-container-full wpforms-block wpforms-block-6a16eadc-57e3-43c8-b522-d22d00db7004 wpforms-render-modern\" id=\"wpforms-152\"><form id=\"wpforms-form-152\" class=\"wpforms-validate wpforms-form wpforms-ajax-form\" data-formid=\"152\" method=\"post\" enctype=\"multipart\/form-data\" action=\"\/index.php\/wp-json\/wp\/v2\/pages\/195\" data-token=\"0e0971ca110d7e49fbb516bd83110978\" data-token-time=\"1778071019\"><noscript class=\"wpforms-error-noscript\">Veuillez activer JavaScript dans votre navigateur pour remplir ce formulaire.<\/noscript><div id=\"wpforms-error-noscript\" style=\"display: none;\">Veuillez activer JavaScript dans votre navigateur pour remplir ce formulaire.<\/div><div class=\"wpforms-field-container\"><div id=\"wpforms-152-field_1-container\" class=\"wpforms-field wpforms-field-name\" data-field-id=\"1\"><fieldset><legend class=\"wpforms-field-label\">Nom &#8211; pr\u00e9nom <span class=\"wpforms-required-label\" aria-hidden=\"true\">*<\/span><\/legend><div class=\"wpforms-field-row wpforms-field-medium\"><div class=\"wpforms-field-row-block wpforms-first wpforms-one-half\"><input type=\"text\" id=\"wpforms-152-field_1\" class=\"wpforms-field-name-first wpforms-field-required\" name=\"wpforms[fields][1][first]\" aria-errormessage=\"wpforms-152-field_1-error\" required><label for=\"wpforms-152-field_1\" class=\"wpforms-field-sublabel after\">Pr\u00e9nom<\/label><\/div><div class=\"wpforms-field-row-block wpforms-one-half\"><input type=\"text\" id=\"wpforms-152-field_1-last\" class=\"wpforms-field-name-last wpforms-field-required\" name=\"wpforms[fields][1][last]\" aria-errormessage=\"wpforms-152-field_1-last-error\" required><label for=\"wpforms-152-field_1-last\" class=\"wpforms-field-sublabel after\">Nom<\/label><\/div><\/div><\/fieldset><\/div>\t\t<div id=\"wpforms-152-field_4-container\"\n\t\t\tclass=\"wpforms-field wpforms-field-text\"\n\t\t\tdata-field-type=\"text\"\n\t\t\tdata-field-id=\"4\"\n\t\t\t>\n\t\t\t<label class=\"wpforms-field-label\" for=\"wpforms-152-field_4\" >Commentaire pr\u00e9nom Email<\/label>\n\t\t\t<input type=\"text\" id=\"wpforms-152-field_4\" class=\"wpforms-field-medium\" name=\"wpforms[fields][4]\" >\n\t\t<\/div>\n\t\t<div id=\"wpforms-152-field_2-container\" class=\"wpforms-field wpforms-field-email\" data-field-id=\"2\"><label class=\"wpforms-field-label\" for=\"wpforms-152-field_2\">Email <span class=\"wpforms-required-label\" aria-hidden=\"true\">*<\/span><\/label><input type=\"email\" id=\"wpforms-152-field_2\" class=\"wpforms-field-medium wpforms-field-required\" name=\"wpforms[fields][2]\" spellcheck=\"false\" aria-errormessage=\"wpforms-152-field_2-error\" required><\/div><div id=\"wpforms-152-field_3-container\" class=\"wpforms-field wpforms-field-textarea\" data-field-id=\"3\"><label class=\"wpforms-field-label\" for=\"wpforms-152-field_3\">Commentaire ou Message<\/label><textarea id=\"wpforms-152-field_3\" class=\"wpforms-field-medium\" name=\"wpforms[fields][3]\" aria-errormessage=\"wpforms-152-field_3-error\" ><\/textarea><\/div><div id=\"wpforms-152-field_5-container\" class=\"wpforms-field wpforms-field-gdpr-checkbox\" data-field-id=\"5\"><label class=\"wpforms-field-label\">RGPD Agr\u00e9ment <span class=\"wpforms-required-label\" aria-hidden=\"true\">*<\/span><\/label><ul id=\"wpforms-152-field_5\" class=\"wpforms-field-required\"><li class=\"choice-1\"><input type=\"checkbox\" id=\"wpforms-152-field_5_1\" name=\"wpforms[fields][5][]\" value=\"J\u2019accepte que mes donn\u00e9es personnelles soient collect\u00e9es et utilis\u00e9es par l\u2019association Devel&#039;up uniquement dans le cadre de ma demande et conform\u00e9ment \u00e0 la politique de confidentialit\u00e9.\" aria-errormessage=\"wpforms-152-field_5_1-error\" required ><label class=\"wpforms-field-label-inline\" for=\"wpforms-152-field_5_1\">J\u2019accepte que mes donn\u00e9es personnelles soient collect\u00e9es et utilis\u00e9es par l\u2019association Devel&rsquo;up uniquement dans le cadre de ma demande et conform\u00e9ment \u00e0 la politique de confidentialit\u00e9.<\/label><\/li><\/ul><\/div><script>\n\t\t\t\t( function() {\n\t\t\t\t\tconst style = document.createElement( 'style' );\n\t\t\t\t\tstyle.appendChild( document.createTextNode( '#wpforms-152-field_4-container { position: absolute !important; overflow: hidden !important; display: inline !important; height: 1px !important; width: 1px !important; z-index: -1000 !important; padding: 0 !important; } #wpforms-152-field_4-container input { visibility: hidden; } #wpforms-conversational-form-page #wpforms-152-field_4-container label { counter-increment: none; }' ) );\n\t\t\t\t\tdocument.head.appendChild( style );\n\t\t\t\t\tdocument.currentScript?.remove();\n\t\t\t\t} )();\n\t\t\t<\/script><\/div><!-- .wpforms-field-container --><div class=\"wpforms-recaptcha-container wpforms-is-recaptcha wpforms-is-recaptcha-type-v2\" ><div class=\"g-recaptcha\" data-sitekey=\"6LcXjaorAAAAAJpzJa_z6rO0W5deoH5N8abLMGkP\"><\/div><input type=\"text\" name=\"g-recaptcha-hidden\" class=\"wpforms-recaptcha-hidden\" style=\"position:absolute!important;clip:rect(0,0,0,0)!important;height:1px!important;width:1px!important;border:0!important;overflow:hidden!important;padding:0!important;margin:0!important;\" data-rule-recaptcha=\"1\"><\/div><div class=\"wpforms-submit-container\" ><input type=\"hidden\" name=\"wpforms[id]\" value=\"152\"><input type=\"hidden\" name=\"page_title\" value=\"\"><input type=\"hidden\" name=\"page_url\" value=\"https:\/\/www.assodevelup.fr\/index.php\/wp-json\/wp\/v2\/pages\/195\"><input type=\"hidden\" name=\"url_referer\" value=\"\"><button type=\"submit\" name=\"wpforms[submit]\" id=\"wpforms-submit-152\" class=\"wpforms-submit\" data-alt-text=\"En cours d&#039;envoi\" data-submit-text=\"Envoyer\" aria-live=\"assertive\" value=\"wpforms-submit\">Envoyer<\/button><img loading=\"lazy\" decoding=\"async\" src=\"https:\/\/www.assodevelup.fr\/wp-content\/plugins\/wpforms-lite\/assets\/images\/submit-spin.svg\" class=\"wpforms-submit-spinner\" style=\"display: none;\" width=\"26\" height=\"26\" alt=\"Chargement en cours\"><\/div><\/form><\/div>  <!-- .wpforms-container -->","protected":false},"excerpt":{"rendered":"","protected":false},"author":1,"featured_media":0,"parent":0,"menu_order":0,"comment_status":"closed","ping_status":"closed","template":"","meta":{"saved_in_kubio":true,"_kadence_starter_templates_imported_post":false,"footnotes":""},"class_list":["post-195","page","type-page","status-publish","hentry"],"kubio_ai_page_context":{"short_desc":"","purpose":"general"},"_links":{"self":[{"href":"https:\/\/www.assodevelup.fr\/index.php\/wp-json\/wp\/v2\/pages\/195","targetHints":{"allow":["GET"]}}],"collection":[{"href":"https:\/\/www.assodevelup.fr\/index.php\/wp-json\/wp\/v2\/pages"}],"about":[{"href":"https:\/\/www.assodevelup.fr\/index.php\/wp-json\/wp\/v2\/types\/page"}],"author":[{"embeddable":true,"href":"https:\/\/www.assodevelup.fr\/index.php\/wp-json\/wp\/v2\/users\/1"}],"replies":[{"embeddable":true,"href":"https:\/\/www.assodevelup.fr\/index.php\/wp-json\/wp\/v2\/comments?post=195"}],"version-history":[{"count":3,"href":"https:\/\/www.assodevelup.fr\/index.php\/wp-json\/wp\/v2\/pages\/195\/revisions"}],"predecessor-version":[{"id":209,"href":"https:\/\/www.assodevelup.fr\/index.php\/wp-json\/wp\/v2\/pages\/195\/revisions\/209"}],"wp:attachment":[{"href":"https:\/\/www.assodevelup.fr\/index.php\/wp-json\/wp\/v2\/media?parent=195"}],"curies":[{"name":"wp","href":"https:\/\/api.w.org\/{rel}","templated":true}]}}