{"id":243,"date":"2025-08-19T14:23:33","date_gmt":"2025-08-19T14:23:33","guid":{"rendered":"http:\/\/www.assodevelup.fr\/?page_id=243"},"modified":"2025-08-22T10:04:25","modified_gmt":"2025-08-22T10:04:25","slug":"presse","status":"publish","type":"page","link":"https:\/\/www.assodevelup.fr\/index.php\/presse\/","title":{"rendered":"Presse"},"content":{"rendered":"\n<p>Bienvenue dans l\u2019espace presse de Devel\u2019up.<br>Vous trouverez ici nos communiqu\u00e9s, visuels et informations utiles pour relayer le <strong>Salon Pr\u00e9vention et Bien-\u00eatre en Entreprise<\/strong>.<br>Notre objectif : faciliter l\u2019acc\u00e8s \u00e0 des ressources fiables et pr\u00eates \u00e0 l\u2019emploi pour les journalistes, m\u00e9dias et partenaires.<\/p>\n\n\n\n<div class=\"wp-block-file\"><a id=\"wp-block-file--media-eee5c17e-bc5f-42ee-ad25-be3ccf7670d2\" href=\"https:\/\/www.assodevelup.fr\/wp-content\/uploads\/2025\/08\/Logo-Develup-1.png\">Logo Devel&rsquo;up<\/a><a href=\"https:\/\/www.assodevelup.fr\/wp-content\/uploads\/2025\/08\/Logo-Develup-1.png\" class=\"wp-block-file__button wp-element-button\" download aria-describedby=\"wp-block-file--media-eee5c17e-bc5f-42ee-ad25-be3ccf7670d2\">Download<\/a><\/div>\n\n\n\n<div class=\"wp-block-file\"><a id=\"wp-block-file--media-289d70f9-2c73-4f58-974d-05e8d71c3add\" href=\"https:\/\/www.assodevelup.fr\/wp-content\/uploads\/2025\/08\/Capture-affiche.png\">affiche Salon de la pr\u00e9vention et du bien-\u00eatre en entreprise 2025<\/a><a href=\"https:\/\/www.assodevelup.fr\/wp-content\/uploads\/2025\/08\/Capture-affiche.png\" class=\"wp-block-file__button wp-element-button\" download aria-describedby=\"wp-block-file--media-289d70f9-2c73-4f58-974d-05e8d71c3add\">T\u00e9l\u00e9charger<\/a><\/div>\n\n\n\n<p>Voici le communiqu\u00e9 de presse concernant le salon 2025<\/p>\n\n\n\n<div data-wp-interactive=\"core\/file\" class=\"wp-block-file\"><object data-wp-bind--hidden=\"!state.hasPdfPreview\" hidden class=\"wp-block-file__embed\" data=\"https:\/\/www.assodevelup.fr\/wp-content\/uploads\/2025\/08\/Communique-de-presse-salon-2025.pdf\" type=\"application\/pdf\" style=\"width:100%;height:600px\" aria-label=\"Contenu embarqu\u00e9 Communiqu\u00e9 de presse salon 2025.\"><\/object><a id=\"wp-block-file--media-8308226e-8470-4bbb-b193-1932010f767c\" href=\"https:\/\/www.assodevelup.fr\/wp-content\/uploads\/2025\/08\/Communique-de-presse-salon-2025.pdf\">Communiqu\u00e9 de presse salon 2025<\/a><a href=\"https:\/\/www.assodevelup.fr\/wp-content\/uploads\/2025\/08\/Communique-de-presse-salon-2025.pdf\" class=\"wp-block-file__button wp-element-button\" download aria-describedby=\"wp-block-file--media-8308226e-8470-4bbb-b193-1932010f767c\">T\u00e9l\u00e9charger<\/a><\/div>\n","protected":false},"excerpt":{"rendered":"<p>Bienvenue dans l\u2019espace presse de Devel\u2019up.Vous trouverez ici nos communiqu\u00e9s, visuels et informations utiles pour relayer le Salon Pr\u00e9vention et Bien-\u00eatre en Entreprise.Notre objectif : faciliter l\u2019acc\u00e8s \u00e0 des ressources fiables et pr\u00eates \u00e0 l\u2019emploi pour les journalistes, m\u00e9dias et partenaires. Voici le communiqu\u00e9 de presse concernant le salon 2025<\/p>\n","protected":false},"author":1,"featured_media":0,"parent":0,"menu_order":0,"comment_status":"closed","ping_status":"closed","template":"","meta":{"saved_in_kubio":true,"_kadence_starter_templates_imported_post":false,"footnotes":""},"class_list":["post-243","page","type-page","status-publish","hentry"],"kubio_ai_page_context":{"short_desc":"","purpose":"general"},"_links":{"self":[{"href":"https:\/\/www.assodevelup.fr\/index.php\/wp-json\/wp\/v2\/pages\/243","targetHints":{"allow":["GET"]}}],"collection":[{"href":"https:\/\/www.assodevelup.fr\/index.php\/wp-json\/wp\/v2\/pages"}],"about":[{"href":"https:\/\/www.assodevelup.fr\/index.php\/wp-json\/wp\/v2\/types\/page"}],"author":[{"embeddable":true,"href":"https:\/\/www.assodevelup.fr\/index.php\/wp-json\/wp\/v2\/users\/1"}],"replies":[{"embeddable":true,"href":"https:\/\/www.assodevelup.fr\/index.php\/wp-json\/wp\/v2\/comments?post=243"}],"version-history":[{"count":4,"href":"https:\/\/www.assodevelup.fr\/index.php\/wp-json\/wp\/v2\/pages\/243\/revisions"}],"predecessor-version":[{"id":461,"href":"https:\/\/www.assodevelup.fr\/index.php\/wp-json\/wp\/v2\/pages\/243\/revisions\/461"}],"wp:attachment":[{"href":"https:\/\/www.assodevelup.fr\/index.php\/wp-json\/wp\/v2\/media?parent=243"}],"curies":[{"name":"wp","href":"https:\/\/api.w.org\/{rel}","templated":true}]}}