{"id":346,"date":"2025-08-20T14:53:08","date_gmt":"2025-08-20T14:53:08","guid":{"rendered":"http:\/\/www.assodevelup.fr\/index.php\/la-samourai-de-ta-sante-chris-vothien\/"},"modified":"2025-09-04T10:31:30","modified_gmt":"2025-09-04T10:31:30","slug":"la-samourai-de-ta-sante-chris-vothien","status":"publish","type":"page","link":"https:\/\/www.assodevelup.fr\/index.php\/la-samourai-de-ta-sante-chris-vothien\/","title":{"rendered":"La samoura\u00ef de ta sant\u00e9 &#8211; Chris V\u00f4thien"},"content":{"rendered":"\n\n\n\n","protected":false},"excerpt":{"rendered":"","protected":false},"author":1,"featured_media":0,"parent":0,"menu_order":0,"comment_status":"closed","ping_status":"closed","template":"full-width","meta":{"saved_in_kubio":true,"_kadence_starter_templates_imported_post":false,"footnotes":""},"class_list":["post-346","page","type-page","status-publish","hentry"],"kubio_ai_page_context":{"short_desc":"","purpose":"general"},"_links":{"self":[{"href":"https:\/\/www.assodevelup.fr\/index.php\/wp-json\/wp\/v2\/pages\/346","targetHints":{"allow":["GET"]}}],"collection":[{"href":"https:\/\/www.assodevelup.fr\/index.php\/wp-json\/wp\/v2\/pages"}],"about":[{"href":"https:\/\/www.assodevelup.fr\/index.php\/wp-json\/wp\/v2\/types\/page"}],"author":[{"embeddable":true,"href":"https:\/\/www.assodevelup.fr\/index.php\/wp-json\/wp\/v2\/users\/1"}],"replies":[{"embeddable":true,"href":"https:\/\/www.assodevelup.fr\/index.php\/wp-json\/wp\/v2\/comments?post=346"}],"version-history":[{"count":3,"href":"https:\/\/www.assodevelup.fr\/index.php\/wp-json\/wp\/v2\/pages\/346\/revisions"}],"predecessor-version":[{"id":490,"href":"https:\/\/www.assodevelup.fr\/index.php\/wp-json\/wp\/v2\/pages\/346\/revisions\/490"}],"wp:attachment":[{"href":"https:\/\/www.assodevelup.fr\/index.php\/wp-json\/wp\/v2\/media?parent=346"}],"curies":[{"name":"wp","href":"https:\/\/api.w.org\/{rel}","templated":true}]}}