{"id":98,"date":"2025-08-17T09:36:57","date_gmt":"2025-08-17T09:36:57","guid":{"rendered":"http:\/\/www.assodevelup.fr\/index.php\/salon\/"},"modified":"2025-08-18T06:37:19","modified_gmt":"2025-08-18T06:37:19","slug":"salon","status":"publish","type":"page","link":"https:\/\/www.assodevelup.fr\/index.php\/salon\/","title":{"rendered":"Vous \u00eates int\u00e9ress\u00e9 par une ou plusieurs activit\u00e9s?"},"content":{"rendered":"\n\n\n\n<h2 class=\"wp-block-post-title\">Vous \u00eates int\u00e9ress\u00e9 par une ou plusieurs activit\u00e9s?<\/h2>\n\n\n\n\n\n<iframe id=\"haWidget\" allowtransparency=\"true\" src=\"https:\/\/www.helloasso.com\/associations\/devel-up\/boutiques\/atelier-1-et-si-votre-ikigai-rallumait-l-etincelle\/widget\" style=\"width: 100%; border: none;\" onload=\"window.addEventListener( 'message', e => { const dataHeight = e.data.height; const haWidgetElement = document.getElementById(&lsquo;haWidget&rsquo;); haWidgetElement.height = dataHeight + &lsquo;px&rsquo;; } )\u00a0\u00bb ><\/iframe>\n\n","protected":false},"excerpt":{"rendered":"","protected":false},"author":1,"featured_media":0,"parent":0,"menu_order":0,"comment_status":"closed","ping_status":"closed","template":"full-width","meta":{"saved_in_kubio":true,"_kadence_starter_templates_imported_post":false,"footnotes":""},"class_list":["post-98","page","type-page","status-publish","hentry"],"kubio_ai_page_context":{"short_desc":"","purpose":"general"},"_links":{"self":[{"href":"https:\/\/www.assodevelup.fr\/index.php\/wp-json\/wp\/v2\/pages\/98","targetHints":{"allow":["GET"]}}],"collection":[{"href":"https:\/\/www.assodevelup.fr\/index.php\/wp-json\/wp\/v2\/pages"}],"about":[{"href":"https:\/\/www.assodevelup.fr\/index.php\/wp-json\/wp\/v2\/types\/page"}],"author":[{"embeddable":true,"href":"https:\/\/www.assodevelup.fr\/index.php\/wp-json\/wp\/v2\/users\/1"}],"replies":[{"embeddable":true,"href":"https:\/\/www.assodevelup.fr\/index.php\/wp-json\/wp\/v2\/comments?post=98"}],"version-history":[{"count":3,"href":"https:\/\/www.assodevelup.fr\/index.php\/wp-json\/wp\/v2\/pages\/98\/revisions"}],"predecessor-version":[{"id":110,"href":"https:\/\/www.assodevelup.fr\/index.php\/wp-json\/wp\/v2\/pages\/98\/revisions\/110"}],"wp:attachment":[{"href":"https:\/\/www.assodevelup.fr\/index.php\/wp-json\/wp\/v2\/media?parent=98"}],"curies":[{"name":"wp","href":"https:\/\/api.w.org\/{rel}","templated":true}]}}